{"id":26,"date":"2018-05-19T06:42:20","date_gmt":"2018-05-19T04:42:20","guid":{"rendered":"http:\/\/ecole-communale-dottignies.be\/?page_id=26"},"modified":"2024-08-19T17:38:26","modified_gmt":"2024-08-19T15:38:26","slug":"contacts","status":"publish","type":"page","link":"https:\/\/ecole-communale-dottignies.be\/?page_id=26","title":{"rendered":"Contacts"},"content":{"rendered":"<h3>Pour nous contacter&#8230;<\/h3>\n<p>Ecole communale fondamentale<br \/>\nRue des Ecoles 64, 7711 Dottignies<\/p>\n<p>email : <a href=\"mailto:ec.dottignies@mouscron.education\">ec.dottignies@mouscron.education<\/a><\/p>\n<p>Direction : M\u00e9lanie Deblauwe<\/p>\n<p>T\u00e9l\u00e9phone : 056 48 93 83<\/p>\n<p>&nbsp;<\/p>\n<h3>Pour acc\u00e9der \u00e0 l&rsquo;\u00e9cole<\/h3>\n<div id=\"wpgmza_map\" class=\"wpgmza_map\" data-settings='{\"id\":\"1\",\"map_title\":\"Ecole communale fondamentale de Dottignies\",\"map_width\":\"100\",\"map_height\":\"400\",\"map_start_lat\":\"50.728485\",\"map_start_lng\":\"3.300759\",\"map_start_location\":\"50.728485000000006,3.3007589\",\"map_start_zoom\":\"16\",\"default_marker\":\"0\",\"type\":\"1\",\"alignment\":\"1\",\"directions_enabled\":\"1\",\"styling_enabled\":\"0\",\"styling_json\":\"\",\"active\":\"0\",\"kml\":\"\",\"bicycle\":\"0\",\"traffic\":\"0\",\"dbox\":\"1\",\"dbox_width\":\"100\",\"listmarkers\":\"0\",\"listmarkers_advanced\":\"0\",\"filterbycat\":\"0\",\"ugm_enabled\":\"0\",\"ugm_category_enabled\":\"0\",\"fusion\":\"\",\"map_width_type\":\"\\\\%\",\"map_height_type\":\"px\",\"mass_marker_support\":\"1\",\"ugm_access\":\"0\",\"order_markers_by\":\"1\",\"order_markers_choice\":\"2\",\"show_user_location\":\"0\",\"default_to\":\"\",\"other_settings\":{\"store_locator_enabled\":2,\"store_locator_distance\":2,\"store_locator_default_radius\":\"10\",\"store_locator_not_found_message\":\"No results found in this location. Please try again.\",\"store_locator_bounce\":1,\"store_locator_query_string\":\"Code Postal \\\/ Adresse\",\"store_locator_default_address\":\"\",\"wpgmza_store_locator_restrict\":\"\",\"store_locator_style\":\"modern\",\"wpgmza_store_locator_radius_style\":\"modern\",\"map_max_zoom\":\"1\",\"transport_layer\":0,\"wpgmza_show_points_of_interest\":0}}' data-map-id='1' Data-maps-engine='open-layers' data-shortcode-attributes='{\"id\":\"1\"}' style=\"display:block; overflow:auto; width:100%; height:400px; float:left;\"><\/div>\n","protected":false},"excerpt":{"rendered":"<p>Pour nous contacter&#8230; Ecole communale fondamentale Rue des Ecoles 64, 7711 Dottignies email : ec.dottignies@mouscron.education Direction : M\u00e9lanie Deblauwe T\u00e9l\u00e9phone : 056 48 93 83 &nbsp; Pour acc\u00e9der \u00e0 l&rsquo;\u00e9cole<\/p>\n","protected":false},"author":2,"featured_media":0,"parent":0,"menu_order":0,"comment_status":"closed","ping_status":"closed","template":"","meta":{"footnotes":""},"class_list":["post-26","page","type-page","status-publish","czr-hentry"],"aioseo_notices":[],"_links":{"self":[{"href":"https:\/\/ecole-communale-dottignies.be\/index.php?rest_route=\/wp\/v2\/pages\/26","targetHints":{"allow":["GET"]}}],"collection":[{"href":"https:\/\/ecole-communale-dottignies.be\/index.php?rest_route=\/wp\/v2\/pages"}],"about":[{"href":"https:\/\/ecole-communale-dottignies.be\/index.php?rest_route=\/wp\/v2\/types\/page"}],"author":[{"embeddable":true,"href":"https:\/\/ecole-communale-dottignies.be\/index.php?rest_route=\/wp\/v2\/users\/2"}],"replies":[{"embeddable":true,"href":"https:\/\/ecole-communale-dottignies.be\/index.php?rest_route=%2Fwp%2Fv2%2Fcomments&post=26"}],"version-history":[{"count":6,"href":"https:\/\/ecole-communale-dottignies.be\/index.php?rest_route=\/wp\/v2\/pages\/26\/revisions"}],"predecessor-version":[{"id":2134,"href":"https:\/\/ecole-communale-dottignies.be\/index.php?rest_route=\/wp\/v2\/pages\/26\/revisions\/2134"}],"wp:attachment":[{"href":"https:\/\/ecole-communale-dottignies.be\/index.php?rest_route=%2Fwp%2Fv2%2Fmedia&parent=26"}],"curies":[{"name":"wp","href":"https:\/\/api.w.org\/{rel}","templated":true}]}}