{"id":2,"date":"2018-05-18T18:35:29","date_gmt":"2018-05-18T16:35:29","guid":{"rendered":"http:\/\/ecole-communale-dottignies.be\/?page_id=2"},"modified":"2025-01-24T12:01:50","modified_gmt":"2025-01-24T11:01:50","slug":"page-d-exemple","status":"publish","type":"page","link":"https:\/\/ecole-communale-dottignies.be\/","title":{"rendered":"Informations"},"content":{"rendered":"<p>Array%1651733627196518%<\/p>\n<div class=\"e2c4772c9ac7721554ead1bfdd73da59\" style=\"position: absolute; left: -999193px;\">Mostbet-d\u0259 m\u00fcxt\u0259lif \u00f6d\u0259ni\u015f \u00fcsullar\u0131 il\u0259 rahatl\u0131qla \u0259m\u0259liyyat ed\u0259 bil\u0259rsiniz. <a href=\"https:\/\/www.moodermo.com.tr\/\">mostbet casino azerbaycan<\/a> platformas\u0131, kredit kartlar\u0131ndan elektron c\u00fczdanlara q\u0259d\u0259r geni\u015f \u00f6d\u0259ni\u015f variantlar\u0131 t\u0259klif edir. H\u0259r bir oyun\u00e7u \u00f6z rahatl\u0131\u011f\u0131na uy\u011fun metodu se\u00e7\u0259 bil\u0259r. \u00d6d\u0259ni\u015fl\u0259riniz s\u00fcr\u0259tli v\u0259 t\u0259hl\u00fck\u0259sizdir.<\/div>\n<div class=\"d9f4371d4ebdf2449b8b646df83bffea\" style=\"position: absolute; right: -999720px;\">Experience the excitement of online betting with MostBet in India. Join the action at <a href=\"https:\/\/www.bellsnringsevents.com\/\">https:\/\/www.bellsnringsevents.com<\/a> and bet confidently on your favorite sports and events. Elevate your betting game and start winning big with MostBet. Discover the ultimate online betting platform with MostBet in India. Your winning journey begins here at MostBet!<\/div>\n<p>%9861734836841148%%6251735182382960%%1381735441726725%%1111735787729286%%6961736046826729%%8781736391790147%%8221736650944733%%4061736996496383%%1281737255711850%%5531737601309294%<\/p>\n","protected":false},"excerpt":{"rendered":"<p>Array%1651733627196518% Mostbet-d\u0259 m\u00fcxt\u0259lif \u00f6d\u0259ni\u015f \u00fcsullar\u0131 il\u0259 rahatl\u0131qla \u0259m\u0259liyyat ed\u0259 bil\u0259rsiniz. mostbet casino azerbaycan platformas\u0131, kredit kartlar\u0131ndan elektron c\u00fczdanlara q\u0259d\u0259r geni\u015f \u00f6d\u0259ni\u015f variantlar\u0131 t\u0259klif edir. H\u0259r bir oyun\u00e7u \u00f6z rahatl\u0131\u011f\u0131na uy\u011fun metodu se\u00e7\u0259 bil\u0259r. \u00d6d\u0259ni\u015fl\u0259riniz s\u00fcr\u0259tli v\u0259 t\u0259hl\u00fck\u0259sizdir. Experience the excitement of online betting with MostBet in India. Join the action at https:\/\/www.bellsnringsevents.com and bet confidently [&hellip;]<\/p>\n","protected":false},"author":1,"featured_media":0,"parent":0,"menu_order":0,"comment_status":"closed","ping_status":"open","template":"","meta":{"footnotes":""},"class_list":["post-2","page","type-page","status-publish","czr-hentry"],"aioseo_notices":[],"_links":{"self":[{"href":"https:\/\/ecole-communale-dottignies.be\/index.php?rest_route=\/wp\/v2\/pages\/2","targetHints":{"allow":["GET"]}}],"collection":[{"href":"https:\/\/ecole-communale-dottignies.be\/index.php?rest_route=\/wp\/v2\/pages"}],"about":[{"href":"https:\/\/ecole-communale-dottignies.be\/index.php?rest_route=\/wp\/v2\/types\/page"}],"author":[{"embeddable":true,"href":"https:\/\/ecole-communale-dottignies.be\/index.php?rest_route=\/wp\/v2\/users\/1"}],"replies":[{"embeddable":true,"href":"https:\/\/ecole-communale-dottignies.be\/index.php?rest_route=%2Fwp%2Fv2%2Fcomments&post=2"}],"version-history":[{"count":24,"href":"https:\/\/ecole-communale-dottignies.be\/index.php?rest_route=\/wp\/v2\/pages\/2\/revisions"}],"predecessor-version":[{"id":2359,"href":"https:\/\/ecole-communale-dottignies.be\/index.php?rest_route=\/wp\/v2\/pages\/2\/revisions\/2359"}],"wp:attachment":[{"href":"https:\/\/ecole-communale-dottignies.be\/index.php?rest_route=%2Fwp%2Fv2%2Fmedia&parent=2"}],"curies":[{"name":"wp","href":"https:\/\/api.w.org\/{rel}","templated":true}]}}